{"id":70,"date":"2025-02-20T12:00:41","date_gmt":"2025-02-20T12:00:41","guid":{"rendered":"http:\/\/bilder.cabinex.se\/?page_id=70"},"modified":"2025-02-26T11:58:48","modified_gmt":"2025-02-26T11:58:48","slug":"cabinex-produktbroschyr-2025","status":"publish","type":"page","link":"https:\/\/bilder.cabinex.se\/","title":{"rendered":"CABINEX Produktbroschyr 2025"},"content":{"rendered":"\t\t<div data-elementor-type=\"wp-page\" data-elementor-id=\"70\" class=\"elementor elementor-70\">\n\t\t\t\t\t\t<section class=\"elementor-section elementor-top-section elementor-element elementor-element-84e8f96 elementor-section-boxed elementor-section-height-default elementor-section-height-default\" data-id=\"84e8f96\" data-element_type=\"section\">\n\t\t\t\t\t\t<div class=\"elementor-container elementor-column-gap-default\">\n\t\t\t\t\t<div class=\"elementor-column elementor-col-100 elementor-top-column elementor-element elementor-element-a640f69\" data-id=\"a640f69\" data-element_type=\"column\">\n\t\t\t<div class=\"elementor-widget-wrap elementor-element-populated\">\n\t\t\t\t\t\t<div class=\"elementor-element elementor-element-9c8a9f6 elementor-invisible elementor-widget elementor-widget-text-editor\" data-id=\"9c8a9f6\" data-element_type=\"widget\" data-settings=\"{&quot;_animation&quot;:&quot;zoomIn&quot;}\" data-widget_type=\"text-editor.default\">\n\t\t\t\t<div class=\"elementor-widget-container\">\n\t\t\t\t\t\t\t\t\t<p style=\"text-align: center\">Broschyr f\u00f6r \u00e5terf\u00f6rs\u00e4ljare. grossister och proffskunder finns <strong><a href=\"https:\/\/bilder.cabinex.se\/index.php\/2025-cabinex-broschyr\/\">h\u00e4r<\/a><\/strong> (l\u00f6senord kr\u00e4vs)<br \/><div class=\"_df_book df-lite\" id=\"df_75\" data-title=\"cabinex-produktbroschyr-2025\"><\/div>window.option_df_75 = {\"webgl\":\"false\",\"outline\":[],\"backgroundColor\":\"#ffffff\",\"autoEnableOutline\":\"false\",\"autoEnableThumbnail\":\"false\",\"overwritePDFOutline\":\"false\",\"direction\":\"1\",\"pageSize\":\"0\",\"source\":\"https:\\\/\\\/bilder.cabinex.se\\\/wp-content\\\/uploads\\\/2023\\\/06\\\/Cabinex-2025-1B-small.pdf\",\"wpOptions\":\"true\"}; if(window.DFLIP &amp;&amp; window.DFLIP.parseBooks){window.DFLIP.parseBooks();}<\/p>\t\t\t\t\t\t\t\t<\/div>\n\t\t\t\t<\/div>\n\t\t\t\t\t<\/div>\n\t\t<\/div>\n\t\t\t\t\t<\/div>\n\t\t<\/section>\n\t\t\t\t<\/div>\n\t\t","protected":false},"excerpt":{"rendered":"<p>Broschyr f\u00f6r \u00e5terf\u00f6rs\u00e4ljare. grossister och proffskunder finns h\u00e4r (l\u00f6senord kr\u00e4vs)<\/p>\n","protected":false},"author":1,"featured_media":0,"parent":0,"menu_order":0,"comment_status":"closed","ping_status":"closed","template":"","meta":{"footnotes":""},"class_list":["post-70","page","type-page","status-publish","hentry"],"_links":{"self":[{"href":"https:\/\/bilder.cabinex.se\/index.php\/wp-json\/wp\/v2\/pages\/70","targetHints":{"allow":["GET"]}}],"collection":[{"href":"https:\/\/bilder.cabinex.se\/index.php\/wp-json\/wp\/v2\/pages"}],"about":[{"href":"https:\/\/bilder.cabinex.se\/index.php\/wp-json\/wp\/v2\/types\/page"}],"author":[{"embeddable":true,"href":"https:\/\/bilder.cabinex.se\/index.php\/wp-json\/wp\/v2\/users\/1"}],"replies":[{"embeddable":true,"href":"https:\/\/bilder.cabinex.se\/index.php\/wp-json\/wp\/v2\/comments?post=70"}],"version-history":[{"count":29,"href":"https:\/\/bilder.cabinex.se\/index.php\/wp-json\/wp\/v2\/pages\/70\/revisions"}],"predecessor-version":[{"id":2045,"href":"https:\/\/bilder.cabinex.se\/index.php\/wp-json\/wp\/v2\/pages\/70\/revisions\/2045"}],"wp:attachment":[{"href":"https:\/\/bilder.cabinex.se\/index.php\/wp-json\/wp\/v2\/media?parent=70"}],"curies":[{"name":"wp","href":"https:\/\/api.w.org\/{rel}","templated":true}]}}